{"id":140,"date":"2019-01-08T15:31:12","date_gmt":"2019-01-08T15:31:12","guid":{"rendered":"http:\/\/liorpick.egodev1.info\/he\/?page_id=140"},"modified":"2022-01-31T11:01:52","modified_gmt":"2022-01-31T11:01:52","slug":"front-page","status":"publish","type":"page","link":"https:\/\/pick-law.com\/fr\/","title":{"rendered":"Pick &#038; Weiss Law Office"},"content":{"rendered":"<p data-userway-font-size=\"13\">Le Cabinet de Maitre Lior Pick and Co. est l\u2019un des leaders dans les domaines de la Fiscalit\u00e9, du Droit civil et du Droit commercial.<\/p>\n<p data-userway-font-size=\"13\">Il a \u00e9t\u00e9 fond\u00e9 en 2003 par Maitre Lior Pick, avocat et expert-comptable, lequel est pourvu d\u2019une exp\u00e9rience en mati\u00e8re de Fiscalit\u00e9 et de March\u00e9 de\u00a0capitaux depuis 1993.<\/p>\n<p data-userway-font-size=\"13\">La structure et la nature du Cabinet permettent aux Avocats et \u00e0 l\u2019ensemble du personnel de fournir \u00a0une assistance professionnelle et une attention personnelle \u00e0 chacun de nos clients.<\/p>\n<p data-userway-font-size=\"13\">Notre client\u00e8le se compose principalement d\u2019entreprises, d\u2019entrepreneurs, de soci\u00e9t\u00e9s intervenant sur les <span style=\"text-decoration: line-through;\">M<\/span>march\u00e9s \u00a0de la finance, de l\u2019industrie et des investissements, ainsi que des particuliers.<\/p>\n<p data-userway-font-size=\"13\">Notre Cabinet offre ses services en h\u00e9breu, anglais, fran\u00e7ais, russe et espagnol.<\/p>\n","protected":false},"excerpt":{"rendered":"<p>Le Cabinet de Maitre Lior Pick and Co. est l\u2019un des leaders dans les domaines de la Fiscalit\u00e9, du Droit civil et du Droit [&hellip;]<\/p>\n","protected":false},"author":1,"featured_media":1214,"parent":0,"menu_order":0,"comment_status":"closed","ping_status":"closed","template":"","meta":{"inline_featured_image":false,"_mi_skip_tracking":false},"aioseo_notices":[],"post_mailing_queue_ids":[],"_links":{"self":[{"href":"https:\/\/pick-law.com\/fr\/wp-json\/wp\/v2\/pages\/140"}],"collection":[{"href":"https:\/\/pick-law.com\/fr\/wp-json\/wp\/v2\/pages"}],"about":[{"href":"https:\/\/pick-law.com\/fr\/wp-json\/wp\/v2\/types\/page"}],"author":[{"embeddable":true,"href":"https:\/\/pick-law.com\/fr\/wp-json\/wp\/v2\/users\/1"}],"replies":[{"embeddable":true,"href":"https:\/\/pick-law.com\/fr\/wp-json\/wp\/v2\/comments?post=140"}],"version-history":[{"count":59,"href":"https:\/\/pick-law.com\/fr\/wp-json\/wp\/v2\/pages\/140\/revisions"}],"predecessor-version":[{"id":1624,"href":"https:\/\/pick-law.com\/fr\/wp-json\/wp\/v2\/pages\/140\/revisions\/1624"}],"wp:featuredmedia":[{"embeddable":true,"href":"https:\/\/pick-law.com\/fr\/wp-json\/wp\/v2\/media\/1214"}],"wp:attachment":[{"href":"https:\/\/pick-law.com\/fr\/wp-json\/wp\/v2\/media?parent=140"}],"curies":[{"name":"wp","href":"https:\/\/api.w.org\/{rel}","templated":true}]}}