{"id":64,"date":"2019-01-04T15:27:07","date_gmt":"2019-01-04T15:27:07","guid":{"rendered":"http:\/\/liorpick.egodev1.info\/?page_id=64"},"modified":"2020-06-10T10:49:47","modified_gmt":"2020-06-10T10:49:47","slug":"about-us","status":"publish","type":"page","link":"https:\/\/pick-law.com\/fr\/about-us\/","title":{"rendered":"Profil Du Cabinet"},"content":{"rendered":"<p data-userway-font-size=\"13\">Le Cabinet\u00a0 Lior Pick and Co. est l\u2019un des leaders dans les domaines de la Fiscalit\u00e9, du Droit commercial et Droit civil.<\/p>\n<p data-userway-font-size=\"13\">Il a \u00e9t\u00e9 fond\u00e9 en 2003 par Maitre Lior Pick, avocat et expert-comptable, lequel est pourvu d\u2019une exp\u00e9rience en mati\u00e8re de Fiscalit\u00e9 et de March\u00e9 des capitaux depuis 1993.<\/p>\n<p data-userway-font-size=\"13\">Domaines d\u2019expertise :<\/p>\n<ul data-userway-font-size=\"13\">\n<li data-userway-font-size=\"13\">Fiscalit\u00e9 internationale.<\/li>\n<li data-userway-font-size=\"13\">Gaz et p\u00e9trole.<\/li>\n<li data-userway-font-size=\"13\">Droit immobilier.<\/li>\n<li data-userway-font-size=\"13\">Droit du trust (droit fiduciaire), Droit commercial, Droit des contrats, Droit des successions.<\/li>\n<li data-userway-font-size=\"13\">Hi-Tech, fiscalit\u00e9 du capital risqu\u00e9\/sp\u00e9culatif.<\/li>\n<li data-userway-font-size=\"13\">Fonds de sp\u00e9culatifs.<\/li>\n<li data-userway-font-size=\"13\">Banques et finances, Fusions et scissions.<\/li>\n<li data-userway-font-size=\"13\">Services financiers.<\/li>\n<\/ul>\n<p data-userway-font-size=\"13\">La structure et la nature du Cabinet permettent aux Avocats et \u00e0 l\u2019ensemble du personnel de fournir des soins professionnels et une attention personnelle \u00e0 chaque client.<\/p>\n<p data-userway-font-size=\"13\">Notre client\u00e8le se compose principalement d\u2019entreprises, d\u2019entrepreneurs, de soci\u00e9t\u00e9s intervenant sur les March\u00e9s des finances, de l\u2019industrie et des investissements, ainsi que de particuliers.<\/p>\n<p data-userway-font-size=\"13\">En outre, les qualifications et l\u2019exp\u00e9rience du Cabinet Lior Pick and Co. dans les domaines de la fiscalit\u00e9 et de la comptabilit\u00e9 offrent la possibilit\u00e9 de traiter des dossiers complexes n\u00e9cessitant une compr\u00e9hension approfondie de la comptabilit\u00e9, de la Fiscalit\u00e9, du Droit des affaires et du Droit commercial.<\/p>\n<p data-userway-font-size=\"13\">Notre Cabinet fournit \u00e9galement des services juridiques dans le secteur de l\u2019Energie (p\u00e9trole et gaz) au niveau mondial.<\/p>\n<p data-userway-font-size=\"13\">Nous entretenons d\u2019excellentes relations professionnelles et amicales avec de nombreux Cabinets d\u2019Avocats, de Comptables ainsi qu\u2019avec des \u00e9tablissements bancaires en Isra\u00ebl et \u00e0 l\u2019\u00e9tranger, permettant ainsi une collaboration de qualit\u00e9.<\/p>\n<p data-userway-font-size=\"13\">Maitre Lior Pick et ses collaborateurs sont fiers de pr\u00e9senter une nouvelles activit\u00e9 dans les domaines du p\u00e9trole et du gaz en Isra\u00ebl et \u00e0 Chypre, en coop\u00e9ration avec les principaux Avocats sp\u00e9cialis\u00e9s en mati\u00e8re d\u2019Energie \u00a0<a href=\"http:\/\/www.levant-legal.com\/\" target=\"_blank\" rel=\"noopener\" data-userway-font-size=\"13\">www.levant-legal.com<\/a>.<\/p>\n<p data-userway-font-size=\"13\">Notre Cabinet offre ses services en h\u00e9breu, anglais, fran\u00e7ais, russe et espagnol<\/p>\n","protected":false},"excerpt":{"rendered":"<p>Le Cabinet\u00a0 Lior Pick and Co. est l\u2019un des leaders dans les domaines de la Fiscalit\u00e9, du Droit commercial et Droit civil. Il a [&hellip;]<\/p>\n","protected":false},"author":1,"featured_media":1395,"parent":0,"menu_order":0,"comment_status":"closed","ping_status":"closed","template":"","meta":{"inline_featured_image":false,"_mi_skip_tracking":false},"aioseo_notices":[],"post_mailing_queue_ids":[],"_links":{"self":[{"href":"https:\/\/pick-law.com\/fr\/wp-json\/wp\/v2\/pages\/64"}],"collection":[{"href":"https:\/\/pick-law.com\/fr\/wp-json\/wp\/v2\/pages"}],"about":[{"href":"https:\/\/pick-law.com\/fr\/wp-json\/wp\/v2\/types\/page"}],"author":[{"embeddable":true,"href":"https:\/\/pick-law.com\/fr\/wp-json\/wp\/v2\/users\/1"}],"replies":[{"embeddable":true,"href":"https:\/\/pick-law.com\/fr\/wp-json\/wp\/v2\/comments?post=64"}],"version-history":[{"count":26,"href":"https:\/\/pick-law.com\/fr\/wp-json\/wp\/v2\/pages\/64\/revisions"}],"predecessor-version":[{"id":1396,"href":"https:\/\/pick-law.com\/fr\/wp-json\/wp\/v2\/pages\/64\/revisions\/1396"}],"wp:featuredmedia":[{"embeddable":true,"href":"https:\/\/pick-law.com\/fr\/wp-json\/wp\/v2\/media\/1395"}],"wp:attachment":[{"href":"https:\/\/pick-law.com\/fr\/wp-json\/wp\/v2\/media?parent=64"}],"curies":[{"name":"wp","href":"https:\/\/api.w.org\/{rel}","templated":true}]}}