{"id":961,"date":"2019-02-11T14:05:03","date_gmt":"2019-02-11T14:05:03","guid":{"rendered":"http:\/\/liorpick.egodev1.info\/?page_id=961"},"modified":"2019-02-12T15:01:05","modified_gmt":"2019-02-12T15:01:05","slug":"disclaimer-and-privacy-policy","status":"publish","type":"page","link":"https:\/\/pick-law.com\/fr\/disclaimer-and-privacy-policy\/","title":{"rendered":"Limitation de Responsabilit\u00e9"},"content":{"rendered":"<p>Ce site internet est exploit\u00e9 par Pick &#038; Weiss Law Office (\u201cPick &#038; Weiss\u201c). En acc\u00e9dant \u00e0 ce site internet, vous consentez aux conditions suivantes.<\/p>\n<p><strong>Limitation de Responsabilit\u00e9<\/strong><br \/>\nLes informations et le contenu pr\u00e9sent\u00e9 sur ce site internet ne doit pas \u00eatre utilis\u00e9 ou \u00eatre consid\u00e9r\u00e9 comme une proposition et\/ou une offre et\/ou une sollicitation et\/ou une invitation \u00e0 investir dans Pick &#038; Weiss, mais comme une vue d\u2019ensemble des activit\u00e9s de Pick &#038; Weiss Il convient de souligner que les informations sur ce site internet ne garantissent pas et ne garantiront pas, de m\u00eame qu\u2019elles n\u2019indiquent et n\u2019indiqueront pas, les r\u00e9sultats futurs, les retours sur investissements ainsi que les pr\u00e9visions financi\u00e8res. Les informations qui pourraient apparaitre sur ce site internet sont affich\u00e9s uniquement \u00e0 titre d\u2019exemple et ne doivent pas \u00eatre interpr\u00e9t\u00e9e comme indiquant ou repr\u00e9sentant une actuelle, potentielle ou future performance. Il n\u2019existe aucune garantie qu\u2019une estimation ou \u00e9valuation soit donn\u00e9e de mani\u00e8re pr\u00e9cise ou en concordance avec l\u2019\u00e9valuation du march\u00e9 ou de l\u2019industrie. Tout investissement est sp\u00e9culatif et implique des risques pouvant entra\u00eener une perte totale ou partielle de l\u2019investissement. Certains risques pressentis incluent une fluctuation dans la valeur de l\u2019actif, un endettement, des op\u00e9rations sur les propri\u00e9t\u00e9s, un impact environnemental etc.<\/p>\n<p>Pick &#038; Weiss ne fournit pas et n\u2019offre pas de conseils d\u2019affaires, de conseils en investissement ou de conseils l\u00e9gaux \u00e0 quiconque utilisant ce site internet ou ces services. De plus, Pick &#038; Weiss ne fournit pas de conseils fiscaux et ne garantit ou ne sugg\u00e8re en aucune mani\u00e8re que le r\u00e9sultat d\u00e9crit ci-pr\u00e9sent implique quelconque cons\u00e9quences fiscales. Les investisseurs potentiels doivent consulter leurs propres conseillers fiscaux  concernant les cons\u00e9quences fiscales issues de leurs circonstances individuelles et particuli\u00e8res. Les investissements seront effectu\u00e9s par un nombre limit\u00e9 d\u2019investisseurs, comme prescrit par la loi. Quelconque engagement avec les investisseurs sera entrepris en conformit\u00e9 avec les documents de la transaction et les conditions \u00e9nonc\u00e9es dedans.<\/p>\n<p><strong>Politique de Confidentialit\u00e9<\/strong><\/p>\n<p>Pick &#038; Weiss peut \u00e9ventuellement recueillir et collecter les informations personnelles des utilisateurs fournis sur ce site internet. Tout utilisateur accepte de fournir ces informations avec un consentement libre, \u00e9clair\u00e9 et non vici\u00e9. La Politique de Confidentialit\u00e9 d\u00e9crit quel type d\u2019information sera recueillie et pourquoi elle aura \u00e9t\u00e9 recueillie, afin que les utilisateurs puissent pr\u00e9voir et g\u00e9rer leur s\u00fbret\u00e9 et s\u00e9curit\u00e9 en relation avec ce site internet.<\/p>\n<p>Les informations personnelles se r\u00e9f\u00e8rent \u00e0 n\u2019importe quel type d\u2019information avec laquelle l\u2019utilisateur peut s\u2019identifier personnellement. Sur ce site internet, les utilisateurs doivent remplir les informations suivantes sur le site internet : nom, adresse e-mail et num\u00e9ro de t\u00e9l\u00e9phone. Ces informations seront s\u00e9curis\u00e9es, et ne seront ni vendues ni partag\u00e9es avec quelconque tiers, seulement avec les autorit\u00e9s si la loi l\u2019oblige.<\/p>\n<p>Afin de s\u00e9curiser et stocker les informations personnelles, le site internet pratique des m\u00e9thodes g\u00e9n\u00e9ralement accept\u00e9es. Cela signifie que certaines informations personnelles peuvent \u00eatre stock\u00e9es sur des serveurs et des bases de donn\u00e9es. Pick &#038; Weiss ne doit pas \u00eatre tenu comme responsable en cas de divulgation non-intentionnelle ou une divulgation due \u00e0 une faille de s\u00e9curit\u00e9 li\u00e9e au syst\u00e8me ou \u00e0 l\u2019infrastructure du site internet.<\/p>\n<p>Pour plus d\u2019informations \u00e0 propos de ce site internet, veuillez nous contacter en envoyant un mail \u00e0 <a href=\"mailto:office@pick-law.com\">office@pick-law.com<\/a>.<\/p>\n","protected":false},"excerpt":{"rendered":"<p>Ce site internet est exploit\u00e9 par Pick &#038; Weiss Law Office (\u201cPick &#038; Weiss\u201c). En acc\u00e9dant \u00e0 ce site internet, vous consentez aux conditions [&hellip;]<\/p>\n","protected":false},"author":1,"featured_media":550,"parent":0,"menu_order":0,"comment_status":"closed","ping_status":"closed","template":"","meta":{"inline_featured_image":false,"_mi_skip_tracking":false},"aioseo_notices":[],"post_mailing_queue_ids":[],"_links":{"self":[{"href":"https:\/\/pick-law.com\/fr\/wp-json\/wp\/v2\/pages\/961"}],"collection":[{"href":"https:\/\/pick-law.com\/fr\/wp-json\/wp\/v2\/pages"}],"about":[{"href":"https:\/\/pick-law.com\/fr\/wp-json\/wp\/v2\/types\/page"}],"author":[{"embeddable":true,"href":"https:\/\/pick-law.com\/fr\/wp-json\/wp\/v2\/users\/1"}],"replies":[{"embeddable":true,"href":"https:\/\/pick-law.com\/fr\/wp-json\/wp\/v2\/comments?post=961"}],"version-history":[{"count":9,"href":"https:\/\/pick-law.com\/fr\/wp-json\/wp\/v2\/pages\/961\/revisions"}],"predecessor-version":[{"id":1006,"href":"https:\/\/pick-law.com\/fr\/wp-json\/wp\/v2\/pages\/961\/revisions\/1006"}],"wp:featuredmedia":[{"embeddable":true,"href":"https:\/\/pick-law.com\/fr\/wp-json\/wp\/v2\/media\/550"}],"wp:attachment":[{"href":"https:\/\/pick-law.com\/fr\/wp-json\/wp\/v2\/media?parent=961"}],"curies":[{"name":"wp","href":"https:\/\/api.w.org\/{rel}","templated":true}]}}